{"id":1249,"date":"2019-04-24T22:24:48","date_gmt":"2019-04-25T01:24:48","guid":{"rendered":"https:\/\/www.rudaiande.com\/?page_id=1249"},"modified":"2019-07-04T01:56:22","modified_gmt":"2019-07-04T04:56:22","slug":"conteudos-videos","status":"publish","type":"page","link":"https:\/\/www.rudaiande.com\/pt-br\/conteudos-videos\/","title":{"rendered":"V\u00eddeos"},"content":{"rendered":"<p>[vc_row el_class=&#8221;conteudo-abas&#8221;][vc_column css=&#8221;.vc_custom_1556564620032{margin-top: 80px !important;border-top-width: 2px !important;border-top-color: #d9d9d9 !important;border-top-style: solid !important;}&#8221;][vc_basic_grid post_type=&#8221;post&#8221; max_items=&#8221;-1&#8243; style=&#8221;pagination&#8221; items_per_page=&#8221;6&#8243; order=&#8221;ASC&#8221; item=&#8221;215&#8243; grid_id=&#8221;vc_gid:1562216144012-4307e310-0d14-2&#8243; taxonomies=&#8221;35&#8243; css=&#8221;.vc_custom_1562216174011{margin-top: 50px !important;}&#8221;][\/vc_column][\/vc_row]<\/p>\n","protected":false},"excerpt":{"rendered":"<p>[vc_row el_class=&#8221;conteudo-abas&#8221;][vc_column css=&#8221;.vc_custom_1556564620032{margin-top: 80px !important;border-top-width: 2px !important;border-top-color: #d9d9d9 !important;border-top-style: solid !important;}&#8221;][vc_basic_grid post_type=&#8221;post&#8221; max_items=&#8221;-1&#8243; style=&#8221;pagination&#8221; items_per_page=&#8221;6&#8243; order=&#8221;ASC&#8221; item=&#8221;215&#8243; grid_id=&#8221;vc_gid:1562216144012-4307e310-0d14-2&#8243; taxonomies=&#8221;35&#8243; css=&#8221;.vc_custom_1562216174011{margin-top:&#8230;<\/p>\n","protected":false},"author":1,"featured_media":0,"parent":0,"menu_order":0,"comment_status":"closed","ping_status":"closed","template":"","meta":{"inline_featured_image":false},"yoast_head":"<!-- This site is optimized with the Yoast SEO plugin v17.2 - https:\/\/yoast.com\/wordpress\/plugins\/seo\/ -->\n<title>V\u00eddeos - Rud\u00e1 Iand\u00ea<\/title>\n<meta name=\"robots\" content=\"index, follow, max-snippet:-1, max-image-preview:large, max-video-preview:-1\" \/>\n<link rel=\"canonical\" href=\"https:\/\/www.rudaiande.com\/pt-br\/conteudos-videos\/\" \/>\n<meta property=\"og:locale\" content=\"pt_BR\" \/>\n<meta property=\"og:type\" content=\"article\" \/>\n<meta property=\"og:title\" content=\"V\u00eddeos - Rud\u00e1 Iand\u00ea\" \/>\n<meta property=\"og:description\" content=\"[vc_row el_class=&#8221;conteudo-abas&#8221;][vc_column css=&#8221;.vc_custom_1556564620032{margin-top: 80px !important;border-top-width: 2px !important;border-top-color: #d9d9d9 !important;border-top-style: solid !important;}&#8221;][vc_basic_grid post_type=&#8221;post&#8221; max_items=&#8221;-1&#8243; style=&#8221;pagination&#8221; items_per_page=&#8221;6&#8243; order=&#8221;ASC&#8221; item=&#8221;215&#8243; grid_id=&#8221;vc_gid:1562216144012-4307e310-0d14-2&#8243; taxonomies=&#8221;35&#8243; css=&#8221;.vc_custom_1562216174011{margin-top:...\" \/>\n<meta property=\"og:url\" content=\"https:\/\/www.rudaiande.com\/pt-br\/conteudos-videos\/\" \/>\n<meta property=\"og:site_name\" content=\"Rud\u00e1 Iand\u00ea\" \/>\n<meta property=\"article:modified_time\" content=\"2019-07-04T04:56:22+00:00\" \/>\n<meta name=\"twitter:card\" content=\"summary_large_image\" \/>\n<script type=\"application\/ld+json\" class=\"yoast-schema-graph\">{\"@context\":\"https:\/\/schema.org\",\"@graph\":[{\"@type\":\"WebSite\",\"@id\":\"https:\/\/www.rudaiande.com\/#website\",\"url\":\"https:\/\/www.rudaiande.com\/\",\"name\":\"Rud\\u00e1 Iand\\u00ea\",\"description\":\"Novo website muito em breve.\",\"potentialAction\":[{\"@type\":\"SearchAction\",\"target\":{\"@type\":\"EntryPoint\",\"urlTemplate\":\"https:\/\/www.rudaiande.com\/?s={search_term_string}\"},\"query-input\":\"required name=search_term_string\"}],\"inLanguage\":\"pt-BR\"},{\"@type\":\"WebPage\",\"@id\":\"https:\/\/www.rudaiande.com\/pt-br\/conteudos-videos\/#webpage\",\"url\":\"https:\/\/www.rudaiande.com\/pt-br\/conteudos-videos\/\",\"name\":\"V\\u00eddeos - Rud\\u00e1 Iand\\u00ea\",\"isPartOf\":{\"@id\":\"https:\/\/www.rudaiande.com\/#website\"},\"datePublished\":\"2019-04-25T01:24:48+00:00\",\"dateModified\":\"2019-07-04T04:56:22+00:00\",\"breadcrumb\":{\"@id\":\"https:\/\/www.rudaiande.com\/pt-br\/conteudos-videos\/#breadcrumb\"},\"inLanguage\":\"pt-BR\",\"potentialAction\":[{\"@type\":\"ReadAction\",\"target\":[\"https:\/\/www.rudaiande.com\/pt-br\/conteudos-videos\/\"]}]},{\"@type\":\"BreadcrumbList\",\"@id\":\"https:\/\/www.rudaiande.com\/pt-br\/conteudos-videos\/#breadcrumb\",\"itemListElement\":[{\"@type\":\"ListItem\",\"position\":1,\"name\":\"Home\",\"item\":\"https:\/\/www.rudaiande.com\/pt-br\/\"},{\"@type\":\"ListItem\",\"position\":2,\"name\":\"V\\u00eddeos\"}]}]}<\/script>\n<!-- \/ Yoast SEO plugin. -->","yoast_head_json":{"title":"V\u00eddeos - Rud\u00e1 Iand\u00ea","robots":{"index":"index","follow":"follow","max-snippet":"max-snippet:-1","max-image-preview":"max-image-preview:large","max-video-preview":"max-video-preview:-1"},"canonical":"https:\/\/www.rudaiande.com\/pt-br\/conteudos-videos\/","og_locale":"pt_BR","og_type":"article","og_title":"V\u00eddeos - Rud\u00e1 Iand\u00ea","og_description":"[vc_row el_class=&#8221;conteudo-abas&#8221;][vc_column css=&#8221;.vc_custom_1556564620032{margin-top: 80px !important;border-top-width: 2px !important;border-top-color: #d9d9d9 !important;border-top-style: solid !important;}&#8221;][vc_basic_grid post_type=&#8221;post&#8221; max_items=&#8221;-1&#8243; style=&#8221;pagination&#8221; items_per_page=&#8221;6&#8243; order=&#8221;ASC&#8221; item=&#8221;215&#8243; grid_id=&#8221;vc_gid:1562216144012-4307e310-0d14-2&#8243; taxonomies=&#8221;35&#8243; css=&#8221;.vc_custom_1562216174011{margin-top:...","og_url":"https:\/\/www.rudaiande.com\/pt-br\/conteudos-videos\/","og_site_name":"Rud\u00e1 Iand\u00ea","article_modified_time":"2019-07-04T04:56:22+00:00","twitter_card":"summary_large_image","schema":{"@context":"https:\/\/schema.org","@graph":[{"@type":"WebSite","@id":"https:\/\/www.rudaiande.com\/#website","url":"https:\/\/www.rudaiande.com\/","name":"Rud\u00e1 Iand\u00ea","description":"Novo website muito em breve.","potentialAction":[{"@type":"SearchAction","target":{"@type":"EntryPoint","urlTemplate":"https:\/\/www.rudaiande.com\/?s={search_term_string}"},"query-input":"required name=search_term_string"}],"inLanguage":"pt-BR"},{"@type":"WebPage","@id":"https:\/\/www.rudaiande.com\/pt-br\/conteudos-videos\/#webpage","url":"https:\/\/www.rudaiande.com\/pt-br\/conteudos-videos\/","name":"V\u00eddeos - Rud\u00e1 Iand\u00ea","isPartOf":{"@id":"https:\/\/www.rudaiande.com\/#website"},"datePublished":"2019-04-25T01:24:48+00:00","dateModified":"2019-07-04T04:56:22+00:00","breadcrumb":{"@id":"https:\/\/www.rudaiande.com\/pt-br\/conteudos-videos\/#breadcrumb"},"inLanguage":"pt-BR","potentialAction":[{"@type":"ReadAction","target":["https:\/\/www.rudaiande.com\/pt-br\/conteudos-videos\/"]}]},{"@type":"BreadcrumbList","@id":"https:\/\/www.rudaiande.com\/pt-br\/conteudos-videos\/#breadcrumb","itemListElement":[{"@type":"ListItem","position":1,"name":"Home","item":"https:\/\/www.rudaiande.com\/pt-br\/"},{"@type":"ListItem","position":2,"name":"V\u00eddeos"}]}]}},"_links":{"self":[{"href":"https:\/\/www.rudaiande.com\/pt-br\/wp-json\/wp\/v2\/pages\/1249"}],"collection":[{"href":"https:\/\/www.rudaiande.com\/pt-br\/wp-json\/wp\/v2\/pages"}],"about":[{"href":"https:\/\/www.rudaiande.com\/pt-br\/wp-json\/wp\/v2\/types\/page"}],"author":[{"embeddable":true,"href":"https:\/\/www.rudaiande.com\/pt-br\/wp-json\/wp\/v2\/users\/1"}],"replies":[{"embeddable":true,"href":"https:\/\/www.rudaiande.com\/pt-br\/wp-json\/wp\/v2\/comments?post=1249"}],"version-history":[{"count":12,"href":"https:\/\/www.rudaiande.com\/pt-br\/wp-json\/wp\/v2\/pages\/1249\/revisions"}],"predecessor-version":[{"id":1260,"href":"https:\/\/www.rudaiande.com\/pt-br\/wp-json\/wp\/v2\/pages\/1249\/revisions\/1260"}],"wp:attachment":[{"href":"https:\/\/www.rudaiande.com\/pt-br\/wp-json\/wp\/v2\/media?parent=1249"}],"curies":[{"name":"wp","href":"https:\/\/api.w.org\/{rel}","templated":true}]}}