{"id":258,"date":"2019-02-12T14:59:35","date_gmt":"2019-02-12T14:59:35","guid":{"rendered":"https:\/\/www.rudaiande.com\/?page_id=258"},"modified":"2019-07-29T21:44:41","modified_gmt":"2019-07-30T00:44:41","slug":"sobre","status":"publish","type":"page","link":"https:\/\/www.rudaiande.com\/pt-br\/sobre\/","title":{"rendered":"Sobre"},"content":{"rendered":"<p>[vc_row equal_height=&#8221;yes&#8221; content_placement=&#8221;middle&#8221; css=&#8221;.vc_custom_1552809509360{margin-top: 100px !important;}&#8221; el_class=&#8221;responsivo&#8221;][vc_column width=&#8221;1\/2&#8243;][vc_custom_heading text=&#8221;MINHA TRAJET\u00d3RIA&#8221; font_container=&#8221;tag:h4|font_size:14px|text_align:left|color:%234a4a4a|line_height:15px&#8221; google_fonts=&#8221;font_family:Karla%3Aregular%2Citalic%2C700%2C700italic|font_style:400%20regular%3A400%3Anormal&#8221; css_animation=&#8221;fadeInDown&#8221; css=&#8221;.vc_custom_1555732416719{margin-bottom: 40px !important;}&#8221;][vc_custom_heading text=&#8221;Cada um escolhe como enxerga e lida com o mundo.&#8221; font_container=&#8221;tag:h1|font_size:60px|text_align:left|color:%234a4a4a|line_height:60px&#8221; google_fonts=&#8221;font_family:Roboto%3A100%2C100italic%2C300%2C300italic%2Cregular%2Citalic%2C500%2C500italic%2C700%2C700italic%2C900%2C900italic|font_style:700%20bold%20regular%3A700%3Anormal&#8221; css_animation=&#8221;fadeInLeft&#8221;][\/vc_column][vc_column width=&#8221;1\/2&#8243; el_class=&#8221;w400&#8243;][vc_row_inner][vc_column_inner width=&#8221;1\/3&#8243;][vc_single_image image=&#8221;1581&#8243;][\/vc_column_inner][vc_column_inner width=&#8221;1\/3&#8243;][\/vc_column_inner][vc_column_inner width=&#8221;1\/3&#8243;][vc_single_image image=&#8221;1583&#8243;][\/vc_column_inner][\/vc_row_inner][vc_row_inner][vc_column_inner width=&#8221;1\/3&#8243;][\/vc_column_inner][vc_column_inner width=&#8221;1\/3&#8243;][vc_single_image image=&#8221;1585&#8243;][\/vc_column_inner][vc_column_inner width=&#8221;1\/3&#8243;][\/vc_column_inner][\/vc_row_inner][vc_row_inner][vc_column_inner width=&#8221;1\/4&#8243;][\/vc_column_inner][vc_column_inner width=&#8221;1\/4&#8243;][\/vc_column_inner][vc_column_inner width=&#8221;1\/4&#8243; css=&#8221;.vc_custom_1564447474603{margin-top: -35px !important;}&#8221;][vc_single_image image=&#8221;1587&#8243;][\/vc_column_inner][vc_column_inner width=&#8221;1\/4&#8243;][\/vc_column_inner][\/vc_row_inner][\/vc_column][\/vc_row][vc_row el_class=&#8221;responsivo&#8221; bp_css_mobile=&#8221;.vc_custom_1555732537200{margin-bottom: 0px !important;padding-bottom: 0px !important;}&#8221; css=&#8221;.vc_custom_1555732537195{margin-bottom: 350px !important;}&#8221;][vc_column width=&#8221;1\/2&#8243;][vc_column_text css_animation=&#8221;fadeInUp&#8221; el_class=&#8221;w360&#8243;]Cada um escolhe como enxerga e lida com o mundo. Alguns escolhem ver tudo pela \u00f3tica cotidiana: acordar, trabalhar, procriar, acumular, viajar, morrer e, no intervalo entre uma coisa e outra, ter algum prazer, chorar e sorrir. Para muitos, viver \u00e9 isso: passar pelo mundo e ter alguns momentos de alegria e dor. E, depois da morte, o nada. Eu escolhi enxergar a vida guiado pelo encanto. A vida \u00e9 uma oportunidade \u00fanica para me desenvolver. Cada passo \u00e9 parte da aventura. Eu respiro e me conecto com o mist\u00e9rio.<\/p>\n<p>Meu cora\u00e7\u00e3o bombeia sangue e pulsa junto com a Terra. Eu escuto a gargalhada do trov\u00e3o. Eu dan\u00e7o minhas dores. Em cada \u00e1rvore eu sinto o tempo crescendo. Eu celebro minhas conquistas. Eu amo, e isso me alimenta. Eu supero os desafios e me sinto mais forte. E estou onde quero estar: no centro do meu ser.[\/vc_column_text][\/vc_column][vc_column width=&#8221;1\/2&#8243;][vc_column_text css_animation=&#8221;fadeInUp&#8221; el_class=&#8221;w360&#8243;]N\u00f3s, seres humanos, podemos escolher. Esse \u00e9 nosso privil\u00e9gio, desafio e responsabilidade. Alguns escolhem trabalhar com m\u00e1quinas, plantando, criando coisas, vendendo. Eu escolhi trabalhar com o ser humano, compartilhando aquilo que eu mais amo: estudar a vida e meu papel dentro dela. Ao longo desses anos trabalhando, conheci universos ricos e belos atrav\u00e9s das pessoas. Cada pessoa me revela algo sobre a exist\u00eancia. Nelas eu enxergo as m\u00faltiplas facetas da vida, a generosidade e diversidade da natureza em seu jogo misterioso.[\/vc_column_text][\/vc_column][\/vc_row][vc_row css=&#8221;.vc_custom_1552806346385{margin-top: 160px !important;margin-bottom: 50px !important;padding-left: 200px !important;}&#8221; bp_css_mobile=&#8221;.vc_custom_1552806346389{margin-top: 0px !important;}&#8221;][vc_column][vc_custom_heading text=&#8221;GALERIA&#8221; font_container=&#8221;tag:h4|font_size:14px|text_align:left|color:%234a4a4a|line_height:15px&#8221; google_fonts=&#8221;font_family:Karla%3Aregular%2Citalic%2C700%2C700italic|font_style:400%20regular%3A400%3Anormal&#8221; css_animation=&#8221;fadeInLeft&#8221;][\/vc_column][\/vc_row][vc_row bp_css_mobile=&#8221;.vc_custom_1555732637969{margin-top: 0px !important;}&#8221; css=&#8221;.vc_custom_1555732637965{margin-bottom: 200px !important;}&#8221;][vc_column width=&#8221;1\/3&#8243;][vc_single_image image=&#8221;269&#8243; img_size=&#8221;full&#8221; alignment=&#8221;center&#8221; css_animation=&#8221;fadeIn&#8221;][\/vc_column][vc_column width=&#8221;1\/3&#8243;][vc_empty_space height=&#8221;250px&#8221; el_class=&#8221;espaco&#8221;][vc_single_image image=&#8221;1150&#8243; img_size=&#8221;full&#8221; alignment=&#8221;center&#8221; onclick=&#8221;custom_link&#8221; css_animation=&#8221;fadeIn&#8221; el_class=&#8221;lightbox disable-pointer-events-mobile&#8221; css=&#8221;.vc_custom_1556862414476{padding-right: 0px !important;padding-left: 0px !important;}&#8221; el_id=&#8221;sobre-video&#8221; link=&#8221;https:\/\/vimeo.com\/325002276&#8243;][\/vc_column][vc_column width=&#8221;1\/3&#8243;][vc_empty_space height=&#8221;150px&#8221; el_class=&#8221;espaco&#8221;][vc_single_image image=&#8221;271&#8243; img_size=&#8221;full&#8221; alignment=&#8221;center&#8221; css_animation=&#8221;fadeIn&#8221;][vc_empty_space height=&#8221;50px&#8221; el_class=&#8221;espaco&#8221;][vc_single_image image=&#8221;272&#8243; img_size=&#8221;full&#8221; alignment=&#8221;center&#8221; css_animation=&#8221;fadeIn&#8221;][\/vc_column][\/vc_row][vc_row css_animation=&#8221;fadeIn&#8221; css=&#8221;.vc_custom_1555732688434{margin-bottom: 100px !important;}&#8221;][vc_column width=&#8221;2\/3&#8243;][vc_single_image image=&#8221;273&#8243; img_size=&#8221;full&#8221; css_animation=&#8221;fadeIn&#8221;][\/vc_column][vc_column width=&#8221;1\/3&#8243; bp_css_mobile=&#8221;.vc_custom_1552800827463{margin-bottom: 0px !important;padding-top: 0px !important;padding-right: 0px !important;padding-bottom: 0px !important;padding-left: 0px !important;}&#8221;][vc_column_text css_animation=&#8221;fadeInRight&#8221; el_class=&#8221;sobreposto-conteudo&#8221;]Eu escolhi me entregar ao fluxo da vida. No come\u00e7o, n\u00e3o parecia seguro. Mas era a coisa mais verdadeira que eu podia fazer. Escolhi atravessar meus medos e confrontar minhas limita\u00e7\u00f5es internas. Ser uma anomalia dentro do sistema, refazendo minha pr\u00f3pria hist\u00f3ria, testando em mim todas as cren\u00e7as, sendo um autodidata que s\u00f3 tinha uma sa\u00edda: viver a minha filosofia. Eu precisava adquirir meu pr\u00f3prio conhecimento, sendo eu mesmo a escola, o professor e o aluno. A natureza foi e sempre ser\u00e1 a minha guia. Este caminho me trouxe at\u00e9 aqui e dessa experi\u00eancia eu compartilho meu conhecimento, minhas ferramentas, meu ser.[\/vc_column_text][\/vc_column][\/vc_row][vc_row css=&#8221;.vc_custom_1555732849415{margin-top: 115px !important;margin-bottom: 75px !important;margin-left: 0px !important;}&#8221; el_class=&#8221;meu-trabalho-titulo&#8221;][vc_column width=&#8221;2\/3&#8243;][vc_custom_heading text=&#8221;MEU TRABALHO&#8221; font_container=&#8221;tag:h4|font_size:14px|text_align:left|color:%234a4a4a|line_height:15px&#8221; google_fonts=&#8221;font_family:Karla%3Aregular%2Citalic%2C700%2C700italic|font_style:400%20regular%3A400%3Anormal&#8221; css_animation=&#8221;fadeInLeft&#8221;][vc_custom_heading text=&#8221;Meu trabalho \u00e9 \u00fanico porque ele vem de dentro&#8221; font_container=&#8221;tag:h1|font_size:60px|text_align:left|color:%234a4a4a|line_height:60px&#8221; google_fonts=&#8221;font_family:Roboto%3A100%2C100italic%2C300%2C300italic%2Cregular%2Citalic%2C500%2C500italic%2C700%2C700italic%2C900%2C900italic|font_style:700%20bold%20regular%3A700%3Anormal&#8221; css_animation=&#8221;fadeInLeft&#8221;][\/vc_column][\/vc_row][vc_row][vc_column width=&#8221;1\/2&#8243;][vc_row_inner][vc_column_inner css=&#8221;.vc_custom_1552808049676{padding-left: 150px !important;}&#8221;][vc_column_text css_animation=&#8221;fadeIn&#8221; el_class=&#8221;w360&#8243;]Meu trabalho \u00e9 \u00fanico porque ele vem de dentro, do meu conhecimento essencial, da minha intui\u00e7\u00e3o e do meu talento, aprimorados ao longo de mais de 25 anos de estudos, durante os quais venho atendendo a milhares de pessoas, de diversas partes do mundo. Eu compartilho o conhecimento com aqueles que d\u00e3o valor, que dedicam seu tempo e energia a um prop\u00f3sito: conhecerem a si mesmos. Minha linguagem n\u00e3o \u00e9 m\u00edstica, mas pr\u00e1tica. Eu provoco as pessoas a romperem seus limites. Acredito que a verdadeira espiritualidade deve gerar impactos na dimens\u00e3o material e cotidiana. S\u00f3 creio no conhecimento que pode ser aplicado, que impulsiona mudan\u00e7as.<\/p>\n<p>Meu trabalho n\u00e3o \u00e9 para quem busca anestesia para suas dores ou bengala emocional, e sim para pessoas dispostas a se desenvolver e alcan\u00e7ar liberdade e autonomia. Juntos, cruzaremos a teia hologr\u00e1fica da vida, para que voc\u00ea possa mergulhar no mist\u00e9rio de sua natureza e aprender a se enxergar de uma forma completamente nova.[\/vc_column_text][\/vc_column_inner][\/vc_row_inner][vc_empty_space height=&#8221;230px&#8221; el_class=&#8221;espaco&#8221;][vc_row_inner][vc_column_inner][vc_single_image image=&#8221;275&#8243; img_size=&#8221;full&#8221; alignment=&#8221;center&#8221; css_animation=&#8221;fadeIn&#8221;][\/vc_column_inner][\/vc_row_inner][\/vc_column][vc_column width=&#8221;1\/2&#8243;][vc_column_text css_animation=&#8221;fadeInUp&#8221; el_class=&#8221;w360&#8243;]Eu n\u00e3o lhe oferecerei nenhuma cura milagrosa, mas lhe colocarei frente a frente com as causas de seus desequil\u00edbrios f\u00edsicos e emocionais, e lhe ajudarei a transcend\u00ea-los empregando seu pr\u00f3prio poder pessoal. Tampouco lhe darei f\u00f3rmulas prontas de desempenho e sucesso imediato, mas lhe mostrarei seus recursos internos, para juntos buscarmos e lapidarmos seus sonhos mais profundos. Meu prop\u00f3sito \u00e9 conduzi-lo para al\u00e9m das barreiras do intelecto<br \/>\ne da necessidade de controle, para que voc\u00ea acesse o mist\u00e9rio do seu ser e nele a clareza, o conhecimento e o caminho para viver sua lenda pessoal, enraizado no prop\u00f3sito de sua exist\u00eancia e materializando seus ideais mais profundos.[\/vc_column_text][vc_empty_space height=&#8221;250px&#8221; el_class=&#8221;espaco&#8221;][vc_row_inner][vc_column_inner][vc_single_image image=&#8221;274&#8243; img_size=&#8221;full&#8221; alignment=&#8221;center&#8221; css_animation=&#8221;fadeIn&#8221;][\/vc_column_inner][\/vc_row_inner][\/vc_column][\/vc_row]<\/p>\n","protected":false},"excerpt":{"rendered":"<p>[vc_row equal_height=&#8221;yes&#8221; content_placement=&#8221;middle&#8221; css=&#8221;.vc_custom_1552809509360{margin-top: 100px !important;}&#8221; el_class=&#8221;responsivo&#8221;][vc_column width=&#8221;1\/2&#8243;][vc_custom_heading text=&#8221;MINHA TRAJET\u00d3RIA&#8221; font_container=&#8221;tag:h4|font_size:14px|text_align:left|color:%234a4a4a|line_height:15px&#8221; google_fonts=&#8221;font_family:Karla%3Aregular%2Citalic%2C700%2C700italic|font_style:400%20regular%3A400%3Anormal&#8221; css_animation=&#8221;fadeInDown&#8221; css=&#8221;.vc_custom_1555732416719{margin-bottom: 40px !important;}&#8221;][vc_custom_heading text=&#8221;Cada um escolhe como&#8230;<\/p>\n","protected":false},"author":1,"featured_media":0,"parent":0,"menu_order":0,"comment_status":"closed","ping_status":"closed","template":"","meta":{"inline_featured_image":false},"yoast_head":"<!-- This site is optimized with the Yoast SEO plugin v17.2 - https:\/\/yoast.com\/wordpress\/plugins\/seo\/ -->\n<title>Sobre - Rud\u00e1 Iand\u00ea<\/title>\n<meta name=\"robots\" content=\"index, follow, max-snippet:-1, max-image-preview:large, max-video-preview:-1\" \/>\n<link rel=\"canonical\" href=\"https:\/\/www.rudaiande.com\/pt-br\/sobre\/\" \/>\n<meta property=\"og:locale\" content=\"pt_BR\" \/>\n<meta property=\"og:type\" content=\"article\" \/>\n<meta property=\"og:title\" content=\"Sobre - Rud\u00e1 Iand\u00ea\" \/>\n<meta property=\"og:description\" content=\"[vc_row equal_height=&#8221;yes&#8221; content_placement=&#8221;middle&#8221; css=&#8221;.vc_custom_1552809509360{margin-top: 100px !important;}&#8221; el_class=&#8221;responsivo&#8221;][vc_column width=&#8221;1\/2&#8243;][vc_custom_heading text=&#8221;MINHA TRAJET\u00d3RIA&#8221; font_container=&#8221;tag:h4|font_size:14px|text_align:left|color:%234a4a4a|line_height:15px&#8221; google_fonts=&#8221;font_family:Karla%3Aregular%2Citalic%2C700%2C700italic|font_style:400%20regular%3A400%3Anormal&#8221; css_animation=&#8221;fadeInDown&#8221; css=&#8221;.vc_custom_1555732416719{margin-bottom: 40px !important;}&#8221;][vc_custom_heading text=&#8221;Cada um escolhe como...\" \/>\n<meta property=\"og:url\" content=\"https:\/\/www.rudaiande.com\/pt-br\/sobre\/\" \/>\n<meta property=\"og:site_name\" content=\"Rud\u00e1 Iand\u00ea\" \/>\n<meta property=\"article:modified_time\" content=\"2019-07-30T00:44:41+00:00\" \/>\n<meta name=\"twitter:card\" content=\"summary_large_image\" \/>\n<meta name=\"twitter:label1\" content=\"Est. tempo de leitura\" \/>\n\t<meta name=\"twitter:data1\" content=\"7 minutos\" \/>\n<script type=\"application\/ld+json\" class=\"yoast-schema-graph\">{\"@context\":\"https:\/\/schema.org\",\"@graph\":[{\"@type\":\"WebSite\",\"@id\":\"https:\/\/www.rudaiande.com\/#website\",\"url\":\"https:\/\/www.rudaiande.com\/\",\"name\":\"Rud\\u00e1 Iand\\u00ea\",\"description\":\"Novo website muito em breve.\",\"potentialAction\":[{\"@type\":\"SearchAction\",\"target\":{\"@type\":\"EntryPoint\",\"urlTemplate\":\"https:\/\/www.rudaiande.com\/?s={search_term_string}\"},\"query-input\":\"required name=search_term_string\"}],\"inLanguage\":\"pt-BR\"},{\"@type\":\"WebPage\",\"@id\":\"https:\/\/www.rudaiande.com\/pt-br\/sobre\/#webpage\",\"url\":\"https:\/\/www.rudaiande.com\/pt-br\/sobre\/\",\"name\":\"Sobre - Rud\\u00e1 Iand\\u00ea\",\"isPartOf\":{\"@id\":\"https:\/\/www.rudaiande.com\/#website\"},\"datePublished\":\"2019-02-12T14:59:35+00:00\",\"dateModified\":\"2019-07-30T00:44:41+00:00\",\"breadcrumb\":{\"@id\":\"https:\/\/www.rudaiande.com\/pt-br\/sobre\/#breadcrumb\"},\"inLanguage\":\"pt-BR\",\"potentialAction\":[{\"@type\":\"ReadAction\",\"target\":[\"https:\/\/www.rudaiande.com\/pt-br\/sobre\/\"]}]},{\"@type\":\"BreadcrumbList\",\"@id\":\"https:\/\/www.rudaiande.com\/pt-br\/sobre\/#breadcrumb\",\"itemListElement\":[{\"@type\":\"ListItem\",\"position\":1,\"name\":\"Home\",\"item\":\"https:\/\/www.rudaiande.com\/pt-br\/\"},{\"@type\":\"ListItem\",\"position\":2,\"name\":\"Sobre\"}]}]}<\/script>\n<!-- \/ Yoast SEO plugin. -->","yoast_head_json":{"title":"Sobre - Rud\u00e1 Iand\u00ea","robots":{"index":"index","follow":"follow","max-snippet":"max-snippet:-1","max-image-preview":"max-image-preview:large","max-video-preview":"max-video-preview:-1"},"canonical":"https:\/\/www.rudaiande.com\/pt-br\/sobre\/","og_locale":"pt_BR","og_type":"article","og_title":"Sobre - Rud\u00e1 Iand\u00ea","og_description":"[vc_row equal_height=&#8221;yes&#8221; content_placement=&#8221;middle&#8221; css=&#8221;.vc_custom_1552809509360{margin-top: 100px !important;}&#8221; el_class=&#8221;responsivo&#8221;][vc_column width=&#8221;1\/2&#8243;][vc_custom_heading text=&#8221;MINHA TRAJET\u00d3RIA&#8221; font_container=&#8221;tag:h4|font_size:14px|text_align:left|color:%234a4a4a|line_height:15px&#8221; google_fonts=&#8221;font_family:Karla%3Aregular%2Citalic%2C700%2C700italic|font_style:400%20regular%3A400%3Anormal&#8221; css_animation=&#8221;fadeInDown&#8221; css=&#8221;.vc_custom_1555732416719{margin-bottom: 40px !important;}&#8221;][vc_custom_heading text=&#8221;Cada um escolhe como...","og_url":"https:\/\/www.rudaiande.com\/pt-br\/sobre\/","og_site_name":"Rud\u00e1 Iand\u00ea","article_modified_time":"2019-07-30T00:44:41+00:00","twitter_card":"summary_large_image","twitter_misc":{"Est. tempo de leitura":"7 minutos"},"schema":{"@context":"https:\/\/schema.org","@graph":[{"@type":"WebSite","@id":"https:\/\/www.rudaiande.com\/#website","url":"https:\/\/www.rudaiande.com\/","name":"Rud\u00e1 Iand\u00ea","description":"Novo website muito em breve.","potentialAction":[{"@type":"SearchAction","target":{"@type":"EntryPoint","urlTemplate":"https:\/\/www.rudaiande.com\/?s={search_term_string}"},"query-input":"required name=search_term_string"}],"inLanguage":"pt-BR"},{"@type":"WebPage","@id":"https:\/\/www.rudaiande.com\/pt-br\/sobre\/#webpage","url":"https:\/\/www.rudaiande.com\/pt-br\/sobre\/","name":"Sobre - Rud\u00e1 Iand\u00ea","isPartOf":{"@id":"https:\/\/www.rudaiande.com\/#website"},"datePublished":"2019-02-12T14:59:35+00:00","dateModified":"2019-07-30T00:44:41+00:00","breadcrumb":{"@id":"https:\/\/www.rudaiande.com\/pt-br\/sobre\/#breadcrumb"},"inLanguage":"pt-BR","potentialAction":[{"@type":"ReadAction","target":["https:\/\/www.rudaiande.com\/pt-br\/sobre\/"]}]},{"@type":"BreadcrumbList","@id":"https:\/\/www.rudaiande.com\/pt-br\/sobre\/#breadcrumb","itemListElement":[{"@type":"ListItem","position":1,"name":"Home","item":"https:\/\/www.rudaiande.com\/pt-br\/"},{"@type":"ListItem","position":2,"name":"Sobre"}]}]}},"_links":{"self":[{"href":"https:\/\/www.rudaiande.com\/pt-br\/wp-json\/wp\/v2\/pages\/258"}],"collection":[{"href":"https:\/\/www.rudaiande.com\/pt-br\/wp-json\/wp\/v2\/pages"}],"about":[{"href":"https:\/\/www.rudaiande.com\/pt-br\/wp-json\/wp\/v2\/types\/page"}],"author":[{"embeddable":true,"href":"https:\/\/www.rudaiande.com\/pt-br\/wp-json\/wp\/v2\/users\/1"}],"replies":[{"embeddable":true,"href":"https:\/\/www.rudaiande.com\/pt-br\/wp-json\/wp\/v2\/comments?post=258"}],"version-history":[{"count":71,"href":"https:\/\/www.rudaiande.com\/pt-br\/wp-json\/wp\/v2\/pages\/258\/revisions"}],"predecessor-version":[{"id":1591,"href":"https:\/\/www.rudaiande.com\/pt-br\/wp-json\/wp\/v2\/pages\/258\/revisions\/1591"}],"wp:attachment":[{"href":"https:\/\/www.rudaiande.com\/pt-br\/wp-json\/wp\/v2\/media?parent=258"}],"curies":[{"name":"wp","href":"https:\/\/api.w.org\/{rel}","templated":true}]}}