{"id":372,"date":"2019-02-14T18:37:11","date_gmt":"2019-02-14T20:37:11","guid":{"rendered":"https:\/\/www.rudaiande.com\/?page_id=372"},"modified":"2019-11-01T19:22:25","modified_gmt":"2019-11-01T22:22:25","slug":"oazis","status":"publish","type":"page","link":"https:\/\/www.rudaiande.com\/pt-br\/oazis\/","title":{"rendered":"Oazis"},"content":{"rendered":"<p>[vc_row][vc_column][vc_column_text css_animation=&#8221;fadeIn&#8221; el_class=&#8221;oazis-txt-white&#8221; css=&#8221;.vc_custom_1557037299485{margin-top: 70px !important;}&#8221;]OAZIS \u00e9 um retorno ao ritmo natural da vida.<\/p>\n<p>Um convite para silenciar seu ser e regressar ao espa\u00e7o mais puro de sua ess\u00eancia.<\/p>\n<p>Despojar-se das dores.<\/p>\n<p>Caminhar com a alma leve.<\/p>\n<p>Visitar territ\u00f3rios encantados do seu ser.<\/p>\n<p>Explorar mist\u00e9rios de seu \u00e2mago.<\/p>\n<p>Escutar a can\u00e7\u00e3o do vento.<\/p>\n<p>Pulsar com a terra.<\/p>\n<p>Saborear a vida.<\/p>\n<p>Banhar-se nas \u00e1guas f\u00e9rteis de seu sentir.<\/p>\n<p>Nutrir-se no amor criador que \u00e9 a sua origem.<\/p>\n<p>Coroar seus sonhos com a luz das estrelas.<\/p>\n<p>E renovar seu prop\u00f3sito com o poder do sol.[\/vc_column_text][vc_row_inner el_class=&#8221;galeria-oazis&#8221; css=&#8221;.vc_custom_1555739330280{margin-top: 120px !important;}&#8221;][vc_column_inner width=&#8221;1\/3&#8243;][vc_empty_space height=&#8221;80px&#8221; el_class=&#8221;espaco&#8221;][vc_single_image image=&#8221;381&#8243; img_size=&#8221;full&#8221; alignment=&#8221;center&#8221; css_animation=&#8221;fadeInDown&#8221;][\/vc_column_inner][vc_column_inner width=&#8221;1\/3&#8243;][vc_empty_space height=&#8221;200px&#8221; el_class=&#8221;espaco&#8221;][vc_single_image image=&#8221;383&#8243; img_size=&#8221;full&#8221; alignment=&#8221;center&#8221; css_animation=&#8221;fadeInDown&#8221;][\/vc_column_inner][vc_column_inner width=&#8221;1\/3&#8243;][vc_single_image image=&#8221;385&#8243; img_size=&#8221;full&#8221; alignment=&#8221;center&#8221; css_animation=&#8221;fadeInDown&#8221;][vc_single_image image=&#8221;387&#8243; img_size=&#8221;full&#8221; alignment=&#8221;center&#8221; css_animation=&#8221;fadeInDown&#8221;][\/vc_column_inner][\/vc_row_inner][\/vc_column][\/vc_row][vc_row css=&#8221;.vc_custom_1555739719302{margin-top: 120px !important;background-image: url(https:\/\/www.rudaiande.com\/wp-content\/uploads\/2019\/02\/oazis-bg-02.png?id=402) !important;}&#8221; el_class=&#8221;oazis-lencois&#8221;][vc_column][vc_row_inner][vc_column_inner css=&#8221;.vc_custom_1555739677758{margin-bottom: 100px !important;}&#8221;][vc_custom_heading text=&#8221;Local&#8221; font_container=&#8221;tag:h2|font_size:45px|text_align:left|color:%234a4a4a|line_height:53px&#8221; google_fonts=&#8221;font_family:Roboto%3A100%2C100italic%2C300%2C300italic%2Cregular%2Citalic%2C500%2C500italic%2C700%2C700italic%2C900%2C900italic|font_style:400%20regular%3A400%3Anormal&#8221; css_animation=&#8221;fadeInDown&#8221;][\/vc_column_inner][\/vc_row_inner][vc_row_inner][vc_column_inner width=&#8221;1\/2&#8243;][vc_single_image image=&#8221;390&#8243; img_size=&#8221;400&#215;400&#8243; css_animation=&#8221;fadeInUp&#8221; el_class=&#8221;oazis-mapa&#8221;][\/vc_column_inner][vc_column_inner width=&#8221;1\/2&#8243;][vc_custom_heading text=&#8221;Len\u00e7\u00f3is Maranhenses&#8221; font_container=&#8221;tag:h2|font_size:35px|text_align:left|color:%234a4a4a|line_height:53px&#8221; google_fonts=&#8221;font_family:Roboto%3A100%2C100italic%2C300%2C300italic%2Cregular%2Citalic%2C500%2C500italic%2C700%2C700italic%2C900%2C900italic|font_style:500%20bold%20regular%3A500%3Anormal&#8221; css_animation=&#8221;fadeInDown&#8221; css=&#8221;.vc_custom_1552903114478{margin-bottom: 30px !important;}&#8221;][vc_column_text css_animation=&#8221;fadeInUp&#8221;]\u00c9 uma reserva ecol\u00f3gica de aproximadamente 155.000 hectares, coberta por dunas, banhada pelo mar e cortada por rios. Chuvas tropicais alimentam os len\u00e7\u00f3is fre\u00e1ticos da regi\u00e3o, fazendo despontar as mais belas lagoas de \u00e1guas puras e cristalinas. Este para\u00edso ecol\u00f3gico \u00e9 habitado por poucas fam\u00edlias semi-isoladas em o\u00e1sis perenes no meio do deserto, vivendo basicamente da pesca, cria\u00e7\u00e3o e cultivo para sua subsist\u00eancia.<\/p>\n<p>Este cen\u00e1rio de encanto ser\u00e1 nosso abrigo durante esta jornada. No decorrer de sete dias, cruzaremos a regi\u00e3o de norte a sul, caminhando sobre as areias das dunas, nos banhando em suas \u00e1guas fartas e acampando sob a luz da lua e das estrelas.[\/vc_column_text][\/vc_column_inner][\/vc_row_inner][\/vc_column][\/vc_row][vc_row css=&#8221;.vc_custom_1552854443468{background-image: url(https:\/\/www.rudaiande.com\/wp-content\/uploads\/2019\/02\/20150728-060856.jpg?id=392) !important;}&#8221; el_class=&#8221;oazis-video&#8221;][vc_column][vc_raw_html]JTNDYSUyMGRhdGEtZmFuY3lib3glMjBocmVmJTNEJTIyaHR0cHMlM0ElMkYlMkZ2aW1lby5jb20lMkYyMDUyMTQ1MTYlMjIlM0UlM0NpbWclMjBzcmMlM0QlMjJodHRwcyUzQSUyRiUyRnd3dy5ydWRhaWFuZGUuY29tJTJGd3AtY29udGVudCUyRnVwbG9hZHMlMkYyMDE5JTJGMDIlMkZwbGF5LTAxLnN2ZyUyMiUyRiUzRSUzQyUyRmElM0U=[\/vc_raw_html][\/vc_column][\/vc_row][vc_row css=&#8221;.vc_custom_1552915688940{background-color: rgba(189,188,174,0.2) !important;*background-color: rgb(189,188,174) !important;}&#8221; el_class=&#8221;bg-full-width eventos&#8221;][vc_column][vc_row_inner][vc_column_inner][vc_custom_heading text=&#8221;Eventos Anuais&#8221; font_container=&#8221;tag:h2|font_size:45px|text_align:left|color:%234a4a4a|line_height:53px&#8221; google_fonts=&#8221;font_family:Roboto%3A100%2C100italic%2C300%2C300italic%2Cregular%2Citalic%2C500%2C500italic%2C700%2C700italic%2C900%2C900italic|font_style:400%20regular%3A400%3Anormal&#8221; css_animation=&#8221;fadeIn&#8221; el_class=&#8221;titulo-eventos&#8221;][vc_raw_html]JTVCcnNuaXBwZXQlMjBpZCUzRCUyMjElMjIlMjBuYW1lJTNEJTIyRXZlbnRvcyUyMiU1RA==[\/vc_raw_html][\/vc_column_inner][\/vc_row_inner][\/vc_column][\/vc_row][vc_row el_class=&#8221;tarjaEbook&#8221; css=&#8221;.vc_custom_1552905650323{background-color: #9c9a83 !important;}&#8221;][vc_column][vc_row_inner][vc_column_inner width=&#8221;1\/2&#8243;][vc_column_text css_animation=&#8221;fadeIn&#8221;]Baixe nosso E-book.[\/vc_column_text][\/vc_column_inner][vc_column_inner width=&#8221;1\/2&#8243;][vc_raw_html]JTNDZGl2JTIwY2xhc3MlM0QlMjJidXR0b24lMjBkcmF3JTIyJTNFJTNDYSUyMGhyZWYlM0QlMjJodHRwcyUzQSUyRiUyRnd3dy5ydWRhaWFuZGUuY29tJTJGd3AtY29udGVudCUyRnVwbG9hZHMlMkYyMDE5JTJGMTElMkZPQVpJUy1NQUlPLTIwMjAtUE9SVFVHVSVDMyU4QVMucGRmJTIyJTIwdGFyZ2V0JTNEJTIyX2JsYW5rJTIyJTIwdGl0bGUlM0QlMjJCYWl4ZSUyMG8lMjBQREYlMjIlM0VCYWl4YXIlMjBQREYlM0MlMkZhJTNFJTNDJTJGZGl2JTNF[\/vc_raw_html][\/vc_column_inner][\/vc_row_inner][\/vc_column][\/vc_row][vc_row el_class=&#8221;explore-mais&#8221; css=&#8221;.vc_custom_1552905735656{background-image: url(https:\/\/www.rudaiande.com\/wp-content\/uploads\/2019\/02\/foto.png?id=424) !important;}&#8221;][vc_column][vc_row_inner][vc_column_inner width=&#8221;1\/2&#8243; css=&#8221;.vc_custom_1550971850227{margin-top: 55px !important;}&#8221;][vc_custom_heading text=&#8221;EXPLORE MAIS DENTRO DE SI.&#8221; font_container=&#8221;tag:h5|font_size:45px|text_align:left|color:%23f6f6f6|line_height:50px&#8221; use_theme_fonts=&#8221;yes&#8221; css_animation=&#8221;fadeInDown&#8221;][vc_custom_heading text=&#8221;Subscreva-se para receber artigos, v\u00eddeos e novidades.&#8221; font_container=&#8221;tag:h5|font_size:14px|text_align:left|color:%23ffffff|line_height:20px&#8221; google_fonts=&#8221;font_family:Titillium%20Web%3A200%2C200italic%2C300%2C300italic%2Cregular%2Citalic%2C600%2C600italic%2C700%2C700italic%2C900|font_style:400%20regular%3A400%3Anormal&#8221; css_animation=&#8221;fadeIn&#8221;][vc_raw_html]JTNDZGl2JTIwY2xhc3MlM0QlMjJidXR0b24lMjBkcmF3JTIyJTIwaWQlM0QlMjJ0b2dnbGUtc2VydmljZXMtZm9ybSUyMiUzRVF1ZXJvJTIwc2FiZXIlMjBtYWlzJTNDJTJGZGl2JTNF[\/vc_raw_html][\/vc_column_inner][vc_column_inner el_class=&#8221;formulario-servicos&#8221; width=&#8221;1\/2&#8243; el_id=&#8221;services-form-wrapper&#8221;]<div role=\"form\" class=\"wpcf7\" id=\"wpcf7-f426-o1\" dir=\"ltr\">\n<div class=\"screen-reader-response\"><p role=\"status\" aria-live=\"polite\" aria-atomic=\"true\"><\/p> <ul><\/ul><\/div>\n<form action=\"\/pt-br\/wp-json\/wp\/v2\/pages\/372#wpcf7-f426-o1\" method=\"post\" class=\"wpcf7-form init\" novalidate=\"novalidate\" data-status=\"init\">\n<div style=\"display: none;\">\n<input type=\"hidden\" name=\"_wpcf7\" value=\"426\" \/>\n<input type=\"hidden\" name=\"_wpcf7_version\" value=\"5.4.2\" \/>\n<input type=\"hidden\" name=\"_wpcf7_locale\" value=\"\" \/>\n<input type=\"hidden\" name=\"_wpcf7_unit_tag\" value=\"wpcf7-f426-o1\" \/>\n<input type=\"hidden\" name=\"_wpcf7_container_post\" value=\"0\" \/>\n<input type=\"hidden\" name=\"_wpcf7_posted_data_hash\" value=\"\" \/>\n<input type=\"hidden\" name=\"_wpcf7_recaptcha_response\" value=\"\" \/>\n<\/div>\n<div class=\"validaInput formMod2\">\n<h4>Informe seus dados<\/h4>\n<h5>Basta preencher o formul\u00e1rio abaixo<\/h5>\n<div class=\"fields collapsed\">\n<input type=\"hidden\" name=\"service-page\" value=\"default service\" class=\"wpcf7-form-control wpcf7-hidden\" id=\"service-input\" \/>\n<p><label class=\"inputDesativado\"> <span class=\"label-span\">Nome<span class=\"required\">*<\/span><\/span><br \/>\n    <span class=\"wpcf7-form-control-wrap your-name\"><input type=\"text\" name=\"your-name\" value=\"\" size=\"40\" class=\"wpcf7-form-control wpcf7-text wpcf7-validates-as-required\" aria-required=\"true\" aria-invalid=\"false\" \/><\/span> <\/label><\/p>\n<p><label class=\"inputDesativado\"> <span class=\"label-span\">E-mail<span class=\"required\">*<\/span><\/span><br \/>\n    <span class=\"wpcf7-form-control-wrap your-email\"><input type=\"email\" name=\"your-email\" value=\"\" size=\"40\" class=\"wpcf7-form-control wpcf7-text wpcf7-email wpcf7-validates-as-required wpcf7-validates-as-email\" aria-required=\"true\" aria-invalid=\"false\" \/><\/span> <\/label><\/p>\n<p><label class=\"inputDesativado\"> <span class=\"label-span\">Telefone<span class=\"required\">*<\/span><\/span><br \/>\n    <span class=\"wpcf7-form-control-wrap tel-br\"><input type=\"tel\" name=\"tel-br\" value=\"\" size=\"40\" class=\"wpcf7-form-control wpcf7-text wpcf7-tel wpcf7-validates-as-tel\" aria-invalid=\"false\" \/><\/span> <\/label><\/p>\n<p><label class=\"inputDesativado\"> <span class=\"label-span\">Pa\u00eds<\/span><br \/>\n    <span class=\"wpcf7-form-control-wrap your-country\"><input type=\"text\" name=\"your-country\" value=\"\" size=\"40\" class=\"wpcf7-form-control wpcf7-text\" aria-invalid=\"false\" \/><\/span> <\/label><\/p>\n<p> <small>*Campos Obrigat\u00f3rios<\/small>\n<\/div>\n<p><input type=\"submit\" value=\"Quero saber mais\" class=\"wpcf7-form-control wpcf7-submit\" \/><\/p>\n<p class=\"mensagem\">Prometemos n\u00e3o utilizar suas informa\u00e7\u00f5es de contato para enviar qualquer tipo de SPAM.<\/small>\n<\/div>\n<p style=\"display: none !important;\"><label>&#916;<textarea name=\"_wpcf7_ak_hp_textarea\" cols=\"45\" rows=\"8\" maxlength=\"100\"><\/textarea><\/label><input type=\"hidden\" id=\"ak_js_1\" name=\"_wpcf7_ak_js\" value=\"17\"\/><script>document.getElementById( \"ak_js_1\" ).setAttribute( \"value\", ( new Date() ).getTime() );<\/script><\/p><div class=\"wpcf7-response-output\" aria-hidden=\"true\"><\/div><\/form><\/div>[vc_raw_js]JTNDc2NyaXB0JTIwdHlwZSUzRCUyMnRleHQlMkZqYXZhc2NyaXB0JTIyJTNFJTIwalF1ZXJ5JTI4JTI3JTIzc2VydmljZS1pbnB1dCUyNyUyOS52YWwlMjglMjdPYXppcyUyMC0lMjBCUiUyNyUyOSUzQiUyMCUzQyUyRnNjcmlwdCUzRQ==[\/vc_raw_js][\/vc_column_inner][\/vc_row_inner][\/vc_column][\/vc_row]<\/p>\n","protected":false},"excerpt":{"rendered":"<p>[vc_row][vc_column][vc_column_text css_animation=&#8221;fadeIn&#8221; el_class=&#8221;oazis-txt-white&#8221; css=&#8221;.vc_custom_1557037299485{margin-top: 70px !important;}&#8221;]OAZIS \u00e9 um retorno ao ritmo natural da vida. Um convite para silenciar seu ser&#8230;<\/p>\n","protected":false},"author":1,"featured_media":0,"parent":0,"menu_order":0,"comment_status":"closed","ping_status":"closed","template":"templates\/servicos.php","meta":{"inline_featured_image":false},"yoast_head":"<!-- This site is optimized with the Yoast SEO plugin v17.2 - https:\/\/yoast.com\/wordpress\/plugins\/seo\/ -->\n<title>Oazis - Rud\u00e1 Iand\u00ea<\/title>\n<meta name=\"robots\" content=\"index, follow, max-snippet:-1, max-image-preview:large, max-video-preview:-1\" \/>\n<link rel=\"canonical\" href=\"https:\/\/www.rudaiande.com\/pt-br\/oazis\/\" \/>\n<meta property=\"og:locale\" content=\"pt_BR\" \/>\n<meta property=\"og:type\" content=\"article\" \/>\n<meta property=\"og:title\" content=\"Oazis - Rud\u00e1 Iand\u00ea\" \/>\n<meta property=\"og:description\" content=\"[vc_row][vc_column][vc_column_text css_animation=&#8221;fadeIn&#8221; el_class=&#8221;oazis-txt-white&#8221; css=&#8221;.vc_custom_1557037299485{margin-top: 70px !important;}&#8221;]OAZIS \u00e9 um retorno ao ritmo natural da vida. Um convite para silenciar seu ser...\" \/>\n<meta property=\"og:url\" content=\"https:\/\/www.rudaiande.com\/pt-br\/oazis\/\" \/>\n<meta property=\"og:site_name\" content=\"Rud\u00e1 Iand\u00ea\" \/>\n<meta property=\"article:modified_time\" content=\"2019-11-01T22:22:25+00:00\" \/>\n<meta name=\"twitter:card\" content=\"summary_large_image\" \/>\n<meta name=\"twitter:label1\" content=\"Est. tempo de leitura\" \/>\n\t<meta name=\"twitter:data1\" content=\"5 minutos\" \/>\n<script type=\"application\/ld+json\" class=\"yoast-schema-graph\">{\"@context\":\"https:\/\/schema.org\",\"@graph\":[{\"@type\":\"WebSite\",\"@id\":\"https:\/\/www.rudaiande.com\/#website\",\"url\":\"https:\/\/www.rudaiande.com\/\",\"name\":\"Rud\\u00e1 Iand\\u00ea\",\"description\":\"Novo website muito em breve.\",\"potentialAction\":[{\"@type\":\"SearchAction\",\"target\":{\"@type\":\"EntryPoint\",\"urlTemplate\":\"https:\/\/www.rudaiande.com\/?s={search_term_string}\"},\"query-input\":\"required name=search_term_string\"}],\"inLanguage\":\"pt-BR\"},{\"@type\":\"WebPage\",\"@id\":\"https:\/\/www.rudaiande.com\/pt-br\/oazis\/#webpage\",\"url\":\"https:\/\/www.rudaiande.com\/pt-br\/oazis\/\",\"name\":\"Oazis - Rud\\u00e1 Iand\\u00ea\",\"isPartOf\":{\"@id\":\"https:\/\/www.rudaiande.com\/#website\"},\"datePublished\":\"2019-02-14T20:37:11+00:00\",\"dateModified\":\"2019-11-01T22:22:25+00:00\",\"breadcrumb\":{\"@id\":\"https:\/\/www.rudaiande.com\/pt-br\/oazis\/#breadcrumb\"},\"inLanguage\":\"pt-BR\",\"potentialAction\":[{\"@type\":\"ReadAction\",\"target\":[\"https:\/\/www.rudaiande.com\/pt-br\/oazis\/\"]}]},{\"@type\":\"BreadcrumbList\",\"@id\":\"https:\/\/www.rudaiande.com\/pt-br\/oazis\/#breadcrumb\",\"itemListElement\":[{\"@type\":\"ListItem\",\"position\":1,\"name\":\"Home\",\"item\":\"https:\/\/www.rudaiande.com\/pt-br\/\"},{\"@type\":\"ListItem\",\"position\":2,\"name\":\"Oazis\"}]}]}<\/script>\n<!-- \/ Yoast SEO plugin. -->","yoast_head_json":{"title":"Oazis - Rud\u00e1 Iand\u00ea","robots":{"index":"index","follow":"follow","max-snippet":"max-snippet:-1","max-image-preview":"max-image-preview:large","max-video-preview":"max-video-preview:-1"},"canonical":"https:\/\/www.rudaiande.com\/pt-br\/oazis\/","og_locale":"pt_BR","og_type":"article","og_title":"Oazis - Rud\u00e1 Iand\u00ea","og_description":"[vc_row][vc_column][vc_column_text css_animation=&#8221;fadeIn&#8221; el_class=&#8221;oazis-txt-white&#8221; css=&#8221;.vc_custom_1557037299485{margin-top: 70px !important;}&#8221;]OAZIS \u00e9 um retorno ao ritmo natural da vida. Um convite para silenciar seu ser...","og_url":"https:\/\/www.rudaiande.com\/pt-br\/oazis\/","og_site_name":"Rud\u00e1 Iand\u00ea","article_modified_time":"2019-11-01T22:22:25+00:00","twitter_card":"summary_large_image","twitter_misc":{"Est. tempo de leitura":"5 minutos"},"schema":{"@context":"https:\/\/schema.org","@graph":[{"@type":"WebSite","@id":"https:\/\/www.rudaiande.com\/#website","url":"https:\/\/www.rudaiande.com\/","name":"Rud\u00e1 Iand\u00ea","description":"Novo website muito em breve.","potentialAction":[{"@type":"SearchAction","target":{"@type":"EntryPoint","urlTemplate":"https:\/\/www.rudaiande.com\/?s={search_term_string}"},"query-input":"required name=search_term_string"}],"inLanguage":"pt-BR"},{"@type":"WebPage","@id":"https:\/\/www.rudaiande.com\/pt-br\/oazis\/#webpage","url":"https:\/\/www.rudaiande.com\/pt-br\/oazis\/","name":"Oazis - Rud\u00e1 Iand\u00ea","isPartOf":{"@id":"https:\/\/www.rudaiande.com\/#website"},"datePublished":"2019-02-14T20:37:11+00:00","dateModified":"2019-11-01T22:22:25+00:00","breadcrumb":{"@id":"https:\/\/www.rudaiande.com\/pt-br\/oazis\/#breadcrumb"},"inLanguage":"pt-BR","potentialAction":[{"@type":"ReadAction","target":["https:\/\/www.rudaiande.com\/pt-br\/oazis\/"]}]},{"@type":"BreadcrumbList","@id":"https:\/\/www.rudaiande.com\/pt-br\/oazis\/#breadcrumb","itemListElement":[{"@type":"ListItem","position":1,"name":"Home","item":"https:\/\/www.rudaiande.com\/pt-br\/"},{"@type":"ListItem","position":2,"name":"Oazis"}]}]}},"_links":{"self":[{"href":"https:\/\/www.rudaiande.com\/pt-br\/wp-json\/wp\/v2\/pages\/372"}],"collection":[{"href":"https:\/\/www.rudaiande.com\/pt-br\/wp-json\/wp\/v2\/pages"}],"about":[{"href":"https:\/\/www.rudaiande.com\/pt-br\/wp-json\/wp\/v2\/types\/page"}],"author":[{"embeddable":true,"href":"https:\/\/www.rudaiande.com\/pt-br\/wp-json\/wp\/v2\/users\/1"}],"replies":[{"embeddable":true,"href":"https:\/\/www.rudaiande.com\/pt-br\/wp-json\/wp\/v2\/comments?post=372"}],"version-history":[{"count":112,"href":"https:\/\/www.rudaiande.com\/pt-br\/wp-json\/wp\/v2\/pages\/372\/revisions"}],"predecessor-version":[{"id":1637,"href":"https:\/\/www.rudaiande.com\/pt-br\/wp-json\/wp\/v2\/pages\/372\/revisions\/1637"}],"wp:attachment":[{"href":"https:\/\/www.rudaiande.com\/pt-br\/wp-json\/wp\/v2\/media?parent=372"}],"curies":[{"name":"wp","href":"https:\/\/api.w.org\/{rel}","templated":true}]}}